{"id":298,"date":"2025-12-19T18:29:10","date_gmt":"2025-12-19T18:29:10","guid":{"rendered":"https:\/\/moratomobilitat.com\/?post_type=product&#038;p=298"},"modified":"2026-03-02T14:09:49","modified_gmt":"2026-03-02T14:09:49","slug":"y-vita","status":"publish","type":"product","link":"https:\/\/moratomobilitat.com\/es\/producte\/i-vita\/","title":{"rendered":"I-Vita"},"content":{"rendered":"<p data-start=\"48\" data-end=\"351\">La I-Vita de Morato (Wellell) \u00e9s un scooter el\u00e8ctric d\u2019alta gamma que combina disseny exclusiu, pot\u00e8ncia superior i m\u00e0xim confort. La seva est\u00e8tica ha estat reconeguda amb el prestigi\u00f3s premi <strong data-start=\"240\" data-end=\"269\">\u00abTaiwan Excellence Award\u00bb<\/strong>, fet que la converteix en una de les motos m\u00e9s atractives i completes del mercat.<\/p>\n<p data-start=\"353\" data-end=\"705\">Equipada amb un motor de 700 W i dues bateries de 80 Ah, la I-Vita ofereix un rendiment excepcional, que li permet afrontar trajectes llargs i pendents on altres scooters no arriben. La seva suspensi\u00f3 de doble eix, juntament amb un seient ergon\u00f2mic amb reposacaps i columna de conducci\u00f3 regulable, garanteixen una conducci\u00f3 suau, estable i molt c\u00f2moda.<\/p>\n<p data-start=\"707\" data-end=\"980\">A m\u00e9s, inclou de s\u00e8rie un complet equipament premium, amb retrovisors, cinturons de seguretat, portagots, llums LED de baix consum i una pantalla LCD multifunci\u00f3 amb ordinador de bord, convertint-la en una soluci\u00f3 de mobilitat el\u00e8ctrica segura, fiable i totalment equipada.<\/p>\n<p class=\"titleproduct\">Beneficis del producte:<\/p>\n<ul data-start=\"1011\" data-end=\"1188\">\n<li data-start=\"1011\" data-end=\"1049\">\n<p data-start=\"1013\" data-end=\"1049\">Altes prestacions i gran pot\u00e8ncia.<\/p>\n<\/li>\n<li data-start=\"1050\" data-end=\"1081\">\n<p data-start=\"1052\" data-end=\"1081\">Disseny premiat i exclusiu.<\/p>\n<\/li>\n<li data-start=\"1082\" data-end=\"1125\">\n<p data-start=\"1084\" data-end=\"1125\">M\u00e0xim confort per a recorreguts llargs.<\/p>\n<\/li>\n<li data-start=\"1126\" data-end=\"1157\">\n<p data-start=\"1128\" data-end=\"1157\">Conducci\u00f3 segura i estable.<\/p>\n<\/li>\n<li data-start=\"1158\" data-end=\"1188\">\n<p data-start=\"1160\" data-end=\"1188\">Equipament premium de s\u00e8rie.<\/p>\n<\/li>\n<\/ul>\n<div class=\"flex flex-col text-sm pb-25\">\n<article class=\"text-token-text-primary w-full focus:outline-none [--shadow-height:45px] has-data-writing-block:pointer-events-none has-data-writing-block:-mt-(--shadow-height) has-data-writing-block:pt-(--shadow-height) [&amp;:has([data-writing-block])&gt;*]:pointer-events-auto scroll-mt-[calc(var(--header-height)+min(200px,max(70px,20svh)))]\" dir=\"auto\" data-turn-id=\"request-WEB:91c44a33-c737-4a92-a903-e34a1a8f0eff-2\" data-testid=\"conversation-turn-6\" data-scroll-anchor=\"true\" data-turn=\"assistant\">\n<div class=\"text-base my-auto mx-auto pb-10 [--thread-content-margin:--spacing(4)] @w-sm\/main:[--thread-content-margin:--spacing(6)] @w-lg\/main:[--thread-content-margin:--spacing(16)] px-(--thread-content-margin)\">\n<div class=\"[--thread-content-max-width:40rem] @w-lg\/main:[--thread-content-max-width:48rem] mx-auto max-w-(--thread-content-max-width) flex-1 group\/turn-messages focus-visible:outline-hidden relative flex w-full min-w-0 flex-col agent-turn\">\n<div class=\"flex max-w-full flex-col grow\">\n<div class=\"min-h-8 text-message relative flex w-full flex-col items-end gap-2 text-start break-words whitespace-normal [.text-message+&amp;]:mt-1\" dir=\"auto\" data-message-author-role=\"assistant\" data-message-id=\"15c46520-e72a-4a07-93b5-6081072072a9\" data-message-model-slug=\"gpt-5-2\">\n<div class=\"flex w-full flex-col gap-1 empty:hidden first:pt-[1px]\">\n<div class=\"markdown prose dark:prose-invert w-full wrap-break-word dark markdown-new-styling\">\n<p class=\"titleproduct\">Accessoris:<\/p>\n<p data-start=\"48\" data-end=\"63\" data-is-last-node=\"\" data-is-only-node=\"\"><img fetchpriority=\"high\" decoding=\"async\" class=\"alignnone wp-image-477 size-full\" src=\"https:\/\/moratomobilitat.com\/wp-content\/uploads\/2025\/12\/Captura-de-pantalla-2026-01-22-115613.png\" alt=\"\" width=\"895\" height=\"266\" title=\"\" srcset=\"https:\/\/moratomobilitat.com\/wp-content\/uploads\/2025\/12\/Captura-de-pantalla-2026-01-22-115613.png 895w, https:\/\/moratomobilitat.com\/wp-content\/uploads\/2025\/12\/Captura-de-pantalla-2026-01-22-115613-300x89.png 300w, https:\/\/moratomobilitat.com\/wp-content\/uploads\/2025\/12\/Captura-de-pantalla-2026-01-22-115613-768x228.png 768w, https:\/\/moratomobilitat.com\/wp-content\/uploads\/2025\/12\/Captura-de-pantalla-2026-01-22-115613-600x178.png 600w\" sizes=\"(max-width: 895px) 100vw, 895px\" \/><\/p>\n<\/div>\n<\/div>\n<\/div>\n<\/div>\n<\/div>\n<\/div>\n<\/article>\n<\/div>\n","protected":false},"excerpt":{"rendered":"<p>El I-Vita es un scooter el\u00e9ctrico premium de alto rendimiento, con un motor de 700 W, doble bater\u00eda de 80 Ah y un dise\u00f1o galardonado. Potente, c\u00f3moda y extremadamente fiable, es ideal para usuarios exigentes y recorridos largos.<\/p>","protected":false},"featured_media":300,"template":"","meta":[],"product_brand":[],"product_cat":[18],"product_tag":[],"class_list":{"0":"post-298","1":"product","2":"type-product","3":"status-publish","4":"has-post-thumbnail","6":"product_cat-mobilitat-reduida","8":"first","9":"instock","10":"taxable","11":"shipping-taxable","12":"purchasable","13":"product-type-variable","14":"has-default-attributes"},"_links":{"self":[{"href":"https:\/\/moratomobilitat.com\/es\/wp-json\/wp\/v2\/product\/298","targetHints":{"allow":["GET"]}}],"collection":[{"href":"https:\/\/moratomobilitat.com\/es\/wp-json\/wp\/v2\/product"}],"about":[{"href":"https:\/\/moratomobilitat.com\/es\/wp-json\/wp\/v2\/types\/product"}],"version-history":[{"count":5,"href":"https:\/\/moratomobilitat.com\/es\/wp-json\/wp\/v2\/product\/298\/revisions"}],"predecessor-version":[{"id":476,"href":"https:\/\/moratomobilitat.com\/es\/wp-json\/wp\/v2\/product\/298\/revisions\/476"}],"wp:featuredmedia":[{"embeddable":true,"href":"https:\/\/moratomobilitat.com\/es\/wp-json\/wp\/v2\/media\/300"}],"wp:attachment":[{"href":"https:\/\/moratomobilitat.com\/es\/wp-json\/wp\/v2\/media?parent=298"}],"wp:term":[{"taxonomy":"product_brand","embeddable":true,"href":"https:\/\/moratomobilitat.com\/es\/wp-json\/wp\/v2\/product_brand?post=298"},{"taxonomy":"product_cat","embeddable":true,"href":"https:\/\/moratomobilitat.com\/es\/wp-json\/wp\/v2\/product_cat?post=298"},{"taxonomy":"product_tag","embeddable":true,"href":"https:\/\/moratomobilitat.com\/es\/wp-json\/wp\/v2\/product_tag?post=298"}],"curies":[{"name":"wp","href":"https:\/\/api.w.org\/{rel}","templated":true}]}}