{"id":286,"date":"2025-12-19T18:15:56","date_gmt":"2025-12-19T18:15:56","guid":{"rendered":"https:\/\/moratomobilitat.com\/?post_type=product&#038;p=286"},"modified":"2026-03-02T14:30:27","modified_gmt":"2026-03-02T14:30:27","slug":"y-tauro","status":"publish","type":"product","link":"https:\/\/moratomobilitat.com\/es\/producte\/i-tauro\/","title":{"rendered":"I-Tauro"},"content":{"rendered":"<p data-start=\"48\" data-end=\"312\">La <strong data-start=\"51\" data-end=\"82\">I-Tauro de Morato (Wellell)<\/strong> es un scooter el\u00e9ctrico que ofrece un equilibrio perfecto entre potencia, fiabilidad y confort, convirti\u00e9ndose en una excelente opci\u00f3n para usuarios que desean realizar desplazamientos largos o peque\u00f1as excursiones con total seguridad.<\/p>\n<p data-start=\"314\" data-end=\"586\">Incorpora un <strong data-start=\"327\" data-end=\"345\">motor de 500 W<\/strong> i <strong data-start=\"348\" data-end=\"374\">dos bater\u00edas de 36 Ah<\/strong>, proporcionando una respuesta potente y una autonom\u00eda adecuada para su uso exterior. Su carenado protector protege a los componentes electr\u00f3nicos ante la corrosi\u00f3n y el agua, aumentando la durabilidad del conjunto.<\/p>\n<p data-start=\"588\" data-end=\"950\">La comodidad est\u00e1 garantizada gracias a su <strong data-start=\"631\" data-end=\"666\">asiento regulable en profundidad<\/strong>, <strong data-start=\"668\" data-end=\"702\">columna de conducci\u00f3n ajustable<\/strong>, <strong data-start=\"704\" data-end=\"726\">manillar ergon\u00f3mico<\/strong> i <strong data-start=\"729\" data-end=\"757\">ruedas neum\u00e1ticas de 11\u2019<\/strong>, que absorben las irregularidades del terreno y mejoran el confort de marcha. Adem\u00e1s, dispone de <strong data-start=\"856\" data-end=\"878\">ruedas antivuelco<\/strong> i <strong data-start=\"881\" data-end=\"909\">palanca de desembrague<\/strong> para una conducci\u00f3n segura y controlada.<\/p>\n<p class=\"titleproduct\" data-start=\"952\" data-end=\"978\"><strong data-start=\"952\" data-end=\"978\">Beneficios del producto<\/strong><\/p>\n<ul data-start=\"980\" data-end=\"1184\">\n<li data-start=\"980\" data-end=\"1022\">\n<p data-start=\"982\" data-end=\"1022\">Potencia suficiente para uso exterior<\/p>\n<\/li>\n<li data-start=\"1023\" data-end=\"1053\">\n<p data-start=\"1025\" data-end=\"1053\">Conducci\u00f3n c\u00f3moda y estable<\/p>\n<\/li>\n<li data-start=\"1054\" data-end=\"1101\">\n<p data-start=\"1056\" data-end=\"1101\">Ideal para excursiones y recorridos largos<\/p>\n<\/li>\n<li data-start=\"1102\" data-end=\"1129\">\n<p data-start=\"1104\" data-end=\"1129\">Dise\u00f1o robusto y fiable<\/p>\n<\/li>\n<li data-start=\"1130\" data-end=\"1184\">\n<p data-start=\"1132\" data-end=\"1184\">Amplia capacidad de personalizaci\u00f3n con accesorios<\/p>\n<\/li>\n<\/ul>\n<p class=\"titleproduct\">Accesorios<\/p>\n<p><img fetchpriority=\"high\" decoding=\"async\" class=\"alignnone wp-image-526 size-full\" src=\"https:\/\/moratomobilitat.com\/wp-content\/uploads\/2025\/12\/accesorios_OP.webp\" alt=\"\" width=\"1632\" height=\"656\" title=\"\" srcset=\"https:\/\/moratomobilitat.com\/wp-content\/uploads\/2025\/12\/accesorios_OP.webp 1632w, https:\/\/moratomobilitat.com\/wp-content\/uploads\/2025\/12\/accesorios_OP-300x121.webp 300w, https:\/\/moratomobilitat.com\/wp-content\/uploads\/2025\/12\/accesorios_OP-1024x412.webp 1024w, https:\/\/moratomobilitat.com\/wp-content\/uploads\/2025\/12\/accesorios_OP-768x309.webp 768w, https:\/\/moratomobilitat.com\/wp-content\/uploads\/2025\/12\/accesorios_OP-1536x617.webp 1536w, https:\/\/moratomobilitat.com\/wp-content\/uploads\/2025\/12\/accesorios_OP-600x241.webp 600w\" sizes=\"(max-width: 1632px) 100vw, 1632px\" \/><\/p>","protected":false},"excerpt":{"rendered":"<p>La I-Tauro es una scooter el\u00e9ctrica potente y fiable, dise\u00f1ada para ofrecer comodidad y estabilidad en exteriores. Equipada con motor de 500 W, doble bater\u00eda y ruedas neum\u00e1ticas de 11\u201d, es ideal para peque\u00f1as excursiones y recorridos diarios.<\/p>","protected":false},"featured_media":288,"template":"","meta":[],"product_brand":[],"product_cat":[18],"product_tag":[],"class_list":{"0":"post-286","1":"product","2":"type-product","3":"status-publish","4":"has-post-thumbnail","6":"product_cat-mobilitat-reduida","8":"first","9":"instock","10":"taxable","11":"shipping-taxable","12":"purchasable","13":"product-type-variable"},"_links":{"self":[{"href":"https:\/\/moratomobilitat.com\/es\/wp-json\/wp\/v2\/product\/286","targetHints":{"allow":["GET"]}}],"collection":[{"href":"https:\/\/moratomobilitat.com\/es\/wp-json\/wp\/v2\/product"}],"about":[{"href":"https:\/\/moratomobilitat.com\/es\/wp-json\/wp\/v2\/types\/product"}],"version-history":[{"count":3,"href":"https:\/\/moratomobilitat.com\/es\/wp-json\/wp\/v2\/product\/286\/revisions"}],"predecessor-version":[{"id":520,"href":"https:\/\/moratomobilitat.com\/es\/wp-json\/wp\/v2\/product\/286\/revisions\/520"}],"wp:featuredmedia":[{"embeddable":true,"href":"https:\/\/moratomobilitat.com\/es\/wp-json\/wp\/v2\/media\/288"}],"wp:attachment":[{"href":"https:\/\/moratomobilitat.com\/es\/wp-json\/wp\/v2\/media?parent=286"}],"wp:term":[{"taxonomy":"product_brand","embeddable":true,"href":"https:\/\/moratomobilitat.com\/es\/wp-json\/wp\/v2\/product_brand?post=286"},{"taxonomy":"product_cat","embeddable":true,"href":"https:\/\/moratomobilitat.com\/es\/wp-json\/wp\/v2\/product_cat?post=286"},{"taxonomy":"product_tag","embeddable":true,"href":"https:\/\/moratomobilitat.com\/es\/wp-json\/wp\/v2\/product_tag?post=286"}],"curies":[{"name":"wp","href":"https:\/\/api.w.org\/{rel}","templated":true}]}}