{"id":277,"date":"2025-12-19T17:49:14","date_gmt":"2025-12-19T17:49:14","guid":{"rendered":"https:\/\/moratomobilitat.com\/?post_type=product&#038;p=277"},"modified":"2026-03-02T14:32:35","modified_gmt":"2026-03-02T14:32:35","slug":"y-galaxy","status":"publish","type":"product","link":"https:\/\/moratomobilitat.com\/es\/producte\/i-galaxy\/","title":{"rendered":"I-Galaxy"},"content":{"rendered":"<p data-start=\"48\" data-end=\"356\">La <strong data-start=\"51\" data-end=\"83\">E-Galaxy de Morato (Wellell)<\/strong> es un scooter el\u00e9ctrico de alta gama, creado para usuarios que buscan potencia, fiabilidad y un confort superior. Incorpora un <strong data-start=\"210\" data-end=\"228\">motor de 850 W<\/strong> i <strong data-start=\"231\" data-end=\"257\">dos bater\u00edas de 75 Ah<\/strong>, ofreciendo un rendimiento excelente incluso en recorridos exigentes donde otros scooters no llegan.<\/p>\n<p data-start=\"358\" data-end=\"648\">Su estructura robusta dispone de un <strong data-start=\"398\" data-end=\"448\">carenado protector contra la corrosi\u00f3n y el agua<\/strong>, garantizando durabilidad y fiabilidad a largo plazo. El <strong data-start=\"505\" data-end=\"551\">asiento giratorio y regulable en profundidad<\/strong>, junto con los <strong data-start=\"571\" data-end=\"598\">apoyabrazos ajustables<\/strong>, proporciona una postura c\u00f3moda y personalizada.<\/p>\n<p data-start=\"650\" data-end=\"993\">Gracias a la <strong data-start=\"663\" data-end=\"698\">suspensi\u00f3n delantera y trasera<\/strong> ya sus <strong data-start=\"713\" data-end=\"742\">ruedas neum\u00e1ticas de 13\u201d<\/strong>, la I-Galaxy absorbe los impactos y ofrece una conducci\u00f3n suave y estable tanto en interiores como en exteriores. Adem\u00e1s, incorpora un <strong data-start=\"874\" data-end=\"908\">completo sistema de iluminaci\u00f3n<\/strong> con luces delanteras, de freno, intermitentes y de emergencia para una total seguridad.<\/p>\n<p class=\"titleproduct\" data-start=\"995\" data-end=\"1021\"><strong data-start=\"995\" data-end=\"1021\">Beneficios del producto<\/strong><\/p>\n<ul data-start=\"1023\" data-end=\"1249\">\n<li data-start=\"1023\" data-end=\"1067\">\n<p data-start=\"1025\" data-end=\"1067\">Alta potencia para recorridos exigentes<\/p>\n<\/li>\n<li data-start=\"1068\" data-end=\"1113\">\n<p data-start=\"1070\" data-end=\"1113\">M\u00e1xima estabilidad y confort de conducci\u00f3n<\/p>\n<\/li>\n<li data-start=\"1114\" data-end=\"1172\">\n<p data-start=\"1116\" data-end=\"1172\">Gran autonom\u00eda gracias a las bater\u00edas de alta capacidad<\/p>\n<\/li>\n<li data-start=\"1173\" data-end=\"1200\">\n<p data-start=\"1175\" data-end=\"1200\">Dise\u00f1o robusto y fiable<\/p>\n<\/li>\n<li data-start=\"1201\" data-end=\"1249\">\n<p data-start=\"1203\" data-end=\"1249\">Conducci\u00f3n segura en todo tipo de superficies<\/p>\n<p data-start=\"1933\" data-end=\"1980\">\n<\/li>\n<\/ul>\n<p class=\"titleproduct\" data-start=\"995\" data-end=\"1021\"><strong>Accesorios<\/strong><\/p>\n<p><img fetchpriority=\"high\" decoding=\"async\" class=\"alignnone size-full wp-image-549\" src=\"https:\/\/moratomobilitat.com\/wp-content\/uploads\/2025\/12\/accesorios.webp\" alt=\"\" width=\"1600\" height=\"672\" title=\"\" srcset=\"https:\/\/moratomobilitat.com\/wp-content\/uploads\/2025\/12\/accesorios.webp 1600w, https:\/\/moratomobilitat.com\/wp-content\/uploads\/2025\/12\/accesorios-300x126.webp 300w, https:\/\/moratomobilitat.com\/wp-content\/uploads\/2025\/12\/accesorios-1024x430.webp 1024w, https:\/\/moratomobilitat.com\/wp-content\/uploads\/2025\/12\/accesorios-768x323.webp 768w, https:\/\/moratomobilitat.com\/wp-content\/uploads\/2025\/12\/accesorios-1536x645.webp 1536w, https:\/\/moratomobilitat.com\/wp-content\/uploads\/2025\/12\/accesorios-600x252.webp 600w\" sizes=\"(max-width: 1600px) 100vw, 1600px\" \/><\/p>\n<p>&nbsp;<\/p>","protected":false},"excerpt":{"rendered":"<p>La I-Galaxy es una potente scooter el\u00e9ctrica, robusta y c\u00f3moda, equipada con motor de 850 W, doble bater\u00eda de gran capacidad y suspensi\u00f3n completa. Dise\u00f1ada para ofrecer altas prestaciones y m\u00e1ximo confort en todo tipo de recorridos.<\/p>","protected":false},"featured_media":279,"template":"","meta":[],"product_brand":[],"product_cat":[18],"product_tag":[],"class_list":{"0":"post-277","1":"product","2":"type-product","3":"status-publish","4":"has-post-thumbnail","6":"product_cat-mobilitat-reduida","8":"first","9":"instock","10":"taxable","11":"shipping-taxable","12":"purchasable","13":"product-type-variable","14":"has-default-attributes"},"_links":{"self":[{"href":"https:\/\/moratomobilitat.com\/es\/wp-json\/wp\/v2\/product\/277","targetHints":{"allow":["GET"]}}],"collection":[{"href":"https:\/\/moratomobilitat.com\/es\/wp-json\/wp\/v2\/product"}],"about":[{"href":"https:\/\/moratomobilitat.com\/es\/wp-json\/wp\/v2\/types\/product"}],"version-history":[{"count":4,"href":"https:\/\/moratomobilitat.com\/es\/wp-json\/wp\/v2\/product\/277\/revisions"}],"predecessor-version":[{"id":858,"href":"https:\/\/moratomobilitat.com\/es\/wp-json\/wp\/v2\/product\/277\/revisions\/858"}],"wp:featuredmedia":[{"embeddable":true,"href":"https:\/\/moratomobilitat.com\/es\/wp-json\/wp\/v2\/media\/279"}],"wp:attachment":[{"href":"https:\/\/moratomobilitat.com\/es\/wp-json\/wp\/v2\/media?parent=277"}],"wp:term":[{"taxonomy":"product_brand","embeddable":true,"href":"https:\/\/moratomobilitat.com\/es\/wp-json\/wp\/v2\/product_brand?post=277"},{"taxonomy":"product_cat","embeddable":true,"href":"https:\/\/moratomobilitat.com\/es\/wp-json\/wp\/v2\/product_cat?post=277"},{"taxonomy":"product_tag","embeddable":true,"href":"https:\/\/moratomobilitat.com\/es\/wp-json\/wp\/v2\/product_tag?post=277"}],"curies":[{"name":"wp","href":"https:\/\/api.w.org\/{rel}","templated":true}]}}