{"id":265,"date":"2025-12-19T17:30:24","date_gmt":"2025-12-19T17:30:24","guid":{"rendered":"https:\/\/moratomobilitat.com\/?post_type=product&#038;p=265"},"modified":"2026-03-02T14:34:38","modified_gmt":"2026-03-02T14:34:38","slug":"grua-herculas","status":"publish","type":"product","link":"https:\/\/moratomobilitat.com\/es\/producte\/grua-hercules\/","title":{"rendered":"Gr\u00faa H\u00e9rcules"},"content":{"rendered":"<div data-elementor-type=\"product-post\" data-elementor-id=\"265\" class=\"elementor elementor-265\" data-elementor-post-type=\"product\">\n\t\t\t\t<div class=\"elementor-element elementor-element-1a173a02 e-flex e-con-boxed e-con e-parent\" data-id=\"1a173a02\" data-element_type=\"container\" data-e-type=\"container\">\n\t\t\t\t\t<div class=\"e-con-inner\">\n\t\t\t\t<div class=\"elementor-element elementor-element-42569d52 elementor-widget elementor-widget-text-editor\" data-id=\"42569d52\" data-element_type=\"widget\" data-e-type=\"widget\" data-widget_type=\"text-editor.default\">\n\t\t\t\t\t\t\t\t\t<p data-start=\"48\" data-end=\"263\">La <strong data-start=\"51\" data-end=\"78\">Gr\u00faa H\u00e9rcules de Morato<\/strong> es un sistema de movilidad el\u00e9ctrica dise\u00f1ado por <strong data-start=\"130\" data-end=\"190\">elevar y bajar sillas de ruedas y scooters sin esfuerzo<\/strong>, ofreciendo una soluci\u00f3n pr\u00e1ctica y segura para su carga en el veh\u00edculo.<\/p><p data-start=\"265\" data-end=\"620\">Su <strong data-start=\"272\" data-end=\"297\">funcionamiento el\u00e9ctrico<\/strong> permite manejarla c\u00f3modamente mediante un bot\u00f3n, mientras que su <strong data-start=\"366\" data-end=\"400\">estructura plegable y port\u00e1til<\/strong> facilita su almacenamiento y transporte, incluso en espacios reducidos. Se puede utilizar con la <strong data-start=\"500\" data-end=\"530\">bater\u00eda del mismo scooter<\/strong> o con una <strong data-start=\"541\" data-end=\"568\">bater\u00eda externa de litio<\/strong> (no incluida), aportando una mayor versatilidad de uso.<\/p><p data-start=\"622\" data-end=\"850\">Incorpora un <strong data-start=\"635\" data-end=\"651\">pedal de freno<\/strong> para evitar desplazamientos involuntarios durante su utilizaci\u00f3n y est\u00e1 pensada tanto para usuarios particulares como para profesionales que buscan una soluci\u00f3n <strong data-start=\"811\" data-end=\"849\">fiable, robusta y f\u00e1cil de manejar<\/strong>.<\/p>\t\t\t\t\t\t\t\t<\/div>\n\t\t\t\t<div class=\"elementor-element elementor-element-7ee3c79 elementor-widget elementor-widget-heading\" data-id=\"7ee3c79\" data-element_type=\"widget\" data-e-type=\"widget\" data-widget_type=\"heading.default\">\n\t\t\t\t\t<h3 class=\"elementor-heading-title elementor-size-default\">Beneficios del producto<\/h3>\t\t\t\t<\/div>\n\t\t\t\t<div class=\"elementor-element elementor-element-80c8d28 elementor-widget elementor-widget-text-editor\" data-id=\"80c8d28\" data-element_type=\"widget\" data-e-type=\"widget\" data-widget_type=\"text-editor.default\">\n\t\t\t\t\t\t\t\t\t<ul data-start=\"880\" data-end=\"1182\"><li data-start=\"880\" data-end=\"938\"><p data-start=\"882\" data-end=\"938\">Eleva y baja sillas de ruedas y scooters sin esfuerzo<\/p><\/li><li data-start=\"939\" data-end=\"983\"><p data-start=\"941\" data-end=\"983\">Facilita la carga en el maletero del coche<\/p><\/li><li data-start=\"984\" data-end=\"1025\"><p data-start=\"986\" data-end=\"1025\">Funcionamiento el\u00e9ctrico mediante bot\u00f3n<\/p><\/li><li data-start=\"1026\" data-end=\"1057\"><p data-start=\"1028\" data-end=\"1057\">Dise\u00f1o plegable y port\u00e1til<\/p><\/li><li data-start=\"1058\" data-end=\"1088\"><p data-start=\"1060\" data-end=\"1088\">Ideal para espacios reducidos<\/p><\/li><li data-start=\"1089\" data-end=\"1133\"><p data-start=\"1091\" data-end=\"1133\">Sistema de freno para mayor seguridad<\/p><\/li><li data-start=\"1134\" data-end=\"1182\"><p data-start=\"1136\" data-end=\"1182\">Uso con bater\u00eda del scooter o bater\u00eda externa<\/p><\/li><\/ul>\t\t\t\t\t\t\t\t<\/div>\n\t\t\t\t\t<\/div>\n\t\t\t\t<\/div>\n\t\t\t\t<\/div>","protected":false},"excerpt":{"rendered":"<p>La Gr\u00faa H\u00e9rcules es una gr\u00faa el\u00e9ctrica plegable que permite levantar y bajar sillas de ruedas y scooters de hasta 45 kg de forma sencilla y segura, facilitando la carga en el maletero del coche con s\u00f3lo pulsar un bot\u00f3n.<\/p>","protected":false},"featured_media":267,"template":"","meta":[],"product_brand":[],"product_cat":[25],"product_tag":[],"class_list":{"0":"post-265","1":"product","2":"type-product","3":"status-publish","4":"has-post-thumbnail","6":"product_cat-elevadors","8":"first","9":"instock","10":"taxable","11":"shipping-taxable","12":"purchasable","13":"product-type-variable","14":"has-default-attributes"},"_links":{"self":[{"href":"https:\/\/moratomobilitat.com\/es\/wp-json\/wp\/v2\/product\/265","targetHints":{"allow":["GET"]}}],"collection":[{"href":"https:\/\/moratomobilitat.com\/es\/wp-json\/wp\/v2\/product"}],"about":[{"href":"https:\/\/moratomobilitat.com\/es\/wp-json\/wp\/v2\/types\/product"}],"version-history":[{"count":6,"href":"https:\/\/moratomobilitat.com\/es\/wp-json\/wp\/v2\/product\/265\/revisions"}],"predecessor-version":[{"id":951,"href":"https:\/\/moratomobilitat.com\/es\/wp-json\/wp\/v2\/product\/265\/revisions\/951"}],"wp:featuredmedia":[{"embeddable":true,"href":"https:\/\/moratomobilitat.com\/es\/wp-json\/wp\/v2\/media\/267"}],"wp:attachment":[{"href":"https:\/\/moratomobilitat.com\/es\/wp-json\/wp\/v2\/media?parent=265"}],"wp:term":[{"taxonomy":"product_brand","embeddable":true,"href":"https:\/\/moratomobilitat.com\/es\/wp-json\/wp\/v2\/product_brand?post=265"},{"taxonomy":"product_cat","embeddable":true,"href":"https:\/\/moratomobilitat.com\/es\/wp-json\/wp\/v2\/product_cat?post=265"},{"taxonomy":"product_tag","embeddable":true,"href":"https:\/\/moratomobilitat.com\/es\/wp-json\/wp\/v2\/product_tag?post=265"}],"curies":[{"name":"wp","href":"https:\/\/api.w.org\/{rel}","templated":true}]}}