{"id":261,"date":"2025-12-19T17:09:22","date_gmt":"2025-12-19T17:09:22","guid":{"rendered":"https:\/\/moratomobilitat.com\/?post_type=product&#038;p=261"},"modified":"2026-03-02T14:35:00","modified_gmt":"2026-03-02T14:35:00","slug":"elevador-zeus","status":"publish","type":"product","link":"https:\/\/moratomobilitat.com\/es\/producte\/elevador-zeus\/","title":{"rendered":"Elevador Zeus"},"content":{"rendered":"<div data-elementor-type=\"product-post\" data-elementor-id=\"261\" class=\"elementor elementor-261\" data-elementor-post-type=\"product\">\n\t\t\t\t<div class=\"elementor-element elementor-element-64024bc0 e-flex e-con-boxed e-con e-parent\" data-id=\"64024bc0\" data-element_type=\"container\" data-e-type=\"container\" data-settings=\"{&quot;background_background&quot;:&quot;classic&quot;}\">\n\t\t\t\t\t<div class=\"e-con-inner\">\n\t\t\t\t<div class=\"elementor-element elementor-element-b0640cb elementor-widget elementor-widget-image\" data-id=\"b0640cb\" data-element_type=\"widget\" data-e-type=\"widget\" data-widget_type=\"image.default\">\n\t\t\t\t\t\t\t\t\t\t\t\t\t\t\t<img fetchpriority=\"high\" decoding=\"async\" width=\"1697\" height=\"394\" src=\"https:\/\/moratomobilitat.com\/wp-content\/uploads\/2025\/12\/zeus.png\" class=\"attachment-full size-full wp-image-606\" alt=\"\" srcset=\"https:\/\/moratomobilitat.com\/wp-content\/uploads\/2025\/12\/zeus.png 1697w, https:\/\/moratomobilitat.com\/wp-content\/uploads\/2025\/12\/zeus-300x70.png 300w, https:\/\/moratomobilitat.com\/wp-content\/uploads\/2025\/12\/zeus-1024x238.png 1024w, https:\/\/moratomobilitat.com\/wp-content\/uploads\/2025\/12\/zeus-768x178.png 768w, https:\/\/moratomobilitat.com\/wp-content\/uploads\/2025\/12\/zeus-1536x357.png 1536w, https:\/\/moratomobilitat.com\/wp-content\/uploads\/2025\/12\/zeus-600x139.png 600w\" sizes=\"(max-width: 1697px) 100vw, 1697px\" title=\"\">\t\t\t\t\t\t\t\t\t\t\t\t\t\t\t<\/div>\n\t\t\t\t<div class=\"elementor-element elementor-element-19b75de7 elementor-widget elementor-widget-text-editor\" data-id=\"19b75de7\" data-element_type=\"widget\" data-e-type=\"widget\" data-widget_type=\"text-editor.default\">\n\t\t\t\t\t\t\t\t\t<p data-start=\"48\" data-end=\"254\">El\u2019<strong data-start=\"50\" data-end=\"77\">Elevador Zeus de Morato<\/strong> es un sistema de movilidad el\u00e9ctrica dise\u00f1ado para facilitar la elevaci\u00f3n y la bajada de <strong data-start=\"166\" data-end=\"207\">sillas de ruedas y scooters plegables<\/strong> de forma segura, c\u00f3moda y sin esfuerzo f\u00edsico.<\/p><p data-start=\"256\" data-end=\"587\">Gracias a su <strong data-start=\"271\" data-end=\"297\">motor el\u00e9ctrico de 75 W<\/strong> ya su <strong data-start=\"307\" data-end=\"332\">mando ergon\u00f3mico<\/strong>, el elevador permite ajustar la altura deseada con s\u00f3lo pulsar un bot\u00f3n, facilitando la carga del dispositivo en la parte trasera del veh\u00edculo. Su <strong data-start=\"482\" data-end=\"512\">dise\u00f1o plegable y ligero<\/strong> lo convierte en una soluci\u00f3n pr\u00e1ctica para el transporte y almacenamiento.<\/p><p data-start=\"589\" data-end=\"889\">Incluye <strong data-start=\"596\" data-end=\"637\">bater\u00eda de litio recargable de serie<\/strong>, <strong data-start=\"639\" data-end=\"667\">ruedas con freno individual<\/strong> para una mayor seguridad y <strong data-start=\"696\" data-end=\"714\">ruedas laterales<\/strong> que garantizan una estabilidad total durante su uso. Es ideal tanto para <strong data-start=\"786\" data-end=\"803\">uso particular<\/strong> c\u00f3mo <strong data-start=\"808\" data-end=\"824\">profesional<\/strong>, ofreciendo fiabilidad, comodidad y seguridad en cada desplazamiento.<\/p>\t\t\t\t\t\t\t\t<\/div>\n\t\t\t\t<div class=\"elementor-element elementor-element-b7c579b elementor-widget elementor-widget-heading\" data-id=\"b7c579b\" data-element_type=\"widget\" data-e-type=\"widget\" data-widget_type=\"heading.default\">\n\t\t\t\t\t<h3 class=\"elementor-heading-title elementor-size-default\">Beneficios del producto<\/h3>\t\t\t\t<\/div>\n\t\t\t\t<div class=\"elementor-element elementor-element-567fde1 elementor-widget elementor-widget-text-editor\" data-id=\"567fde1\" data-element_type=\"widget\" data-e-type=\"widget\" data-widget_type=\"text-editor.default\">\n\t\t\t\t\t\t\t\t\t<ul data-start=\"919\" data-end=\"1282\"><li data-start=\"919\" data-end=\"987\"><p data-start=\"921\" data-end=\"987\">Eleva y baja sin esfuerzo sillas de ruedas y scooters plegables<\/p><\/li><li data-start=\"988\" data-end=\"1034\"><p data-start=\"990\" data-end=\"1034\">Facilita la carga en el maletero del veh\u00edculo<\/p><\/li><li data-start=\"1035\" data-end=\"1086\"><p data-start=\"1037\" data-end=\"1086\">Manejo sencillo mediante mando ergon\u00f3mico<\/p><\/li><li data-start=\"1087\" data-end=\"1142\"><p data-start=\"1089\" data-end=\"1142\">Dise\u00f1o plegable y ligero para un f\u00e1cil transporte<\/p><\/li><li data-start=\"1143\" data-end=\"1186\"><p data-start=\"1145\" data-end=\"1186\">Alta estabilidad durante el funcionamiento<\/p><\/li><li data-start=\"1187\" data-end=\"1245\"><p data-start=\"1189\" data-end=\"1245\">Sistema de frenos en cada rueda para una mayor seguridad<\/p><\/li><li data-start=\"1246\" data-end=\"1282\"><p data-start=\"1248\" data-end=\"1282\">Bater\u00eda de litio incluida de serie<\/p><\/li><\/ul>\t\t\t\t\t\t\t\t<\/div>\n\t\t<div class=\"elementor-element elementor-element-1627fc4 e-grid e-con-full e-con e-child\" data-id=\"1627fc4\" data-element_type=\"container\" data-e-type=\"container\">\n\t\t<div class=\"elementor-element elementor-element-547486b e-con-full e-flex e-con e-child\" data-id=\"547486b\" data-element_type=\"container\" data-e-type=\"container\">\n\t\t\t\t<div class=\"elementor-element elementor-element-ddd288f elementor-widget elementor-widget-image\" data-id=\"ddd288f\" data-element_type=\"widget\" data-e-type=\"widget\" data-widget_type=\"image.default\">\n\t\t\t\t\t\t\t\t\t\t\t\t\t\t\t<img decoding=\"async\" width=\"692\" height=\"387\" src=\"https:\/\/moratomobilitat.com\/wp-content\/uploads\/2025\/12\/Captura-de-pantalla-2026-01-23-073129.png\" class=\"attachment-large size-large wp-image-605\" alt=\"\" srcset=\"https:\/\/moratomobilitat.com\/wp-content\/uploads\/2025\/12\/Captura-de-pantalla-2026-01-23-073129.png 692w, https:\/\/moratomobilitat.com\/wp-content\/uploads\/2025\/12\/Captura-de-pantalla-2026-01-23-073129-300x168.png 300w, https:\/\/moratomobilitat.com\/wp-content\/uploads\/2025\/12\/Captura-de-pantalla-2026-01-23-073129-600x336.png 600w\" sizes=\"(max-width: 692px) 100vw, 692px\" title=\"\">\t\t\t\t\t\t\t\t\t\t\t\t\t\t\t<\/div>\n\t\t\t\t<div class=\"elementor-element elementor-element-cc85ea4 elementor-widget elementor-widget-text-editor\" data-id=\"cc85ea4\" data-element_type=\"widget\" data-e-type=\"widget\" data-widget_type=\"text-editor.default\">\n\t\t\t\t\t\t\t\t\t<p>Sus ruedas laterales garantizan una estabilidad total durante su funcionamiento.<\/p>\t\t\t\t\t\t\t\t<\/div>\n\t\t\t\t<\/div>\n\t\t<div class=\"elementor-element elementor-element-b3a5451 e-con-full e-flex e-con e-child\" data-id=\"b3a5451\" data-element_type=\"container\" data-e-type=\"container\">\n\t\t\t\t<div class=\"elementor-element elementor-element-40e6460 elementor-widget elementor-widget-image\" data-id=\"40e6460\" data-element_type=\"widget\" data-e-type=\"widget\" data-widget_type=\"image.default\">\n\t\t\t\t\t\t\t\t\t\t\t\t\t\t\t<img decoding=\"async\" width=\"685\" height=\"400\" src=\"https:\/\/moratomobilitat.com\/wp-content\/uploads\/2025\/12\/Captura-de-pantalla-2026-01-23-073005.png\" class=\"attachment-large size-large wp-image-604\" alt=\"\" srcset=\"https:\/\/moratomobilitat.com\/wp-content\/uploads\/2025\/12\/Captura-de-pantalla-2026-01-23-073005.png 685w, https:\/\/moratomobilitat.com\/wp-content\/uploads\/2025\/12\/Captura-de-pantalla-2026-01-23-073005-300x175.png 300w, https:\/\/moratomobilitat.com\/wp-content\/uploads\/2025\/12\/Captura-de-pantalla-2026-01-23-073005-600x350.png 600w\" sizes=\"(max-width: 685px) 100vw, 685px\" title=\"\">\t\t\t\t\t\t\t\t\t\t\t\t\t\t\t<\/div>\n\t\t\t\t<div class=\"elementor-element elementor-element-545a338 elementor-widget elementor-widget-text-editor\" data-id=\"545a338\" data-element_type=\"widget\" data-e-type=\"widget\" data-widget_type=\"text-editor.default\">\n\t\t\t\t\t\t\t\t\t<p>Dispone de un freno en cada rueda para una mayor seguridad y para evitar que el elevador se mueva mientras se utiliza.<\/p>\t\t\t\t\t\t\t\t<\/div>\n\t\t\t\t<\/div>\n\t\t\t\t<\/div>\n\t\t\t\t\t<\/div>\n\t\t\t\t<\/div>\n\t\t\t\t<\/div>","protected":false},"excerpt":{"rendered":"<p>El Elevador Zeus es una plataforma elevadora el\u00e9ctrica ligera y plegable que permite subir y bajar sillas de ruedas o scooters plegables de hasta 50 kg sin esfuerzo, facilitando su carga en el maletero del veh\u00edculo mediante un mando ergon\u00f3mico.<\/p>","protected":false},"featured_media":264,"template":"","meta":[],"product_brand":[],"product_cat":[25],"product_tag":[],"class_list":{"0":"post-261","1":"product","2":"type-product","3":"status-publish","4":"has-post-thumbnail","6":"product_cat-elevadors","8":"first","9":"instock","10":"taxable","11":"shipping-taxable","12":"purchasable","13":"product-type-variable","14":"has-default-attributes"},"_links":{"self":[{"href":"https:\/\/moratomobilitat.com\/es\/wp-json\/wp\/v2\/product\/261","targetHints":{"allow":["GET"]}}],"collection":[{"href":"https:\/\/moratomobilitat.com\/es\/wp-json\/wp\/v2\/product"}],"about":[{"href":"https:\/\/moratomobilitat.com\/es\/wp-json\/wp\/v2\/types\/product"}],"version-history":[{"count":18,"href":"https:\/\/moratomobilitat.com\/es\/wp-json\/wp\/v2\/product\/261\/revisions"}],"predecessor-version":[{"id":952,"href":"https:\/\/moratomobilitat.com\/es\/wp-json\/wp\/v2\/product\/261\/revisions\/952"}],"wp:featuredmedia":[{"embeddable":true,"href":"https:\/\/moratomobilitat.com\/es\/wp-json\/wp\/v2\/media\/264"}],"wp:attachment":[{"href":"https:\/\/moratomobilitat.com\/es\/wp-json\/wp\/v2\/media?parent=261"}],"wp:term":[{"taxonomy":"product_brand","embeddable":true,"href":"https:\/\/moratomobilitat.com\/es\/wp-json\/wp\/v2\/product_brand?post=261"},{"taxonomy":"product_cat","embeddable":true,"href":"https:\/\/moratomobilitat.com\/es\/wp-json\/wp\/v2\/product_cat?post=261"},{"taxonomy":"product_tag","embeddable":true,"href":"https:\/\/moratomobilitat.com\/es\/wp-json\/wp\/v2\/product_tag?post=261"}],"curies":[{"name":"wp","href":"https:\/\/api.w.org\/{rel}","templated":true}]}}