{"id":681,"date":"2026-01-28T10:22:33","date_gmt":"2026-01-28T10:22:33","guid":{"rendered":"https:\/\/moratomobilitat.com\/?page_id=681"},"modified":"2026-02-02T07:32:16","modified_gmt":"2026-02-02T07:32:16","slug":"electric-mobility-specialists","status":"publish","type":"page","link":"https:\/\/moratomobilitat.com\/en\/especialistes-en-mobilitat-electrica\/","title":{"rendered":"Who we are"},"content":{"rendered":"\t\t<div data-elementor-type=\"wp-page\" data-elementor-id=\"681\" class=\"elementor elementor-681\" data-elementor-post-type=\"page\">\n\t\t\t\t<div class=\"elementor-element elementor-element-9659c5e e-flex e-con-boxed e-con e-parent\" data-id=\"9659c5e\" data-element_type=\"container\" data-e-type=\"container\" data-settings=\"{&quot;background_background&quot;:&quot;video&quot;,&quot;background_video_link&quot;:&quot;\\\/wp-content\\\/uploads\\\/2026\\\/01\\\/video-morato.mp4&quot;,&quot;background_video_start&quot;:1,&quot;background_play_on_mobile&quot;:&quot;yes&quot;,&quot;background_privacy_mode&quot;:&quot;yes&quot;}\">\n\t\t\t\t\t<div class=\"e-con-inner\">\n\t\t<div class=\"elementor-background-video-container\">\n\t\t\t\t\t\t\t<video class=\"elementor-background-video-hosted\" role=\"presentation\" autoplay muted playsinline loop><\/video>\n\t\t\t\t\t<\/div><div class=\"elementor-element elementor-element-9f57676 e-con-full over e-flex e-con e-child\" data-id=\"9f57676\" data-element_type=\"container\" data-e-type=\"container\" data-settings=\"{&quot;position&quot;:&quot;fixed&quot;}\">\n\t\t\t\t<div class=\"elementor-element elementor-element-fa0513e elementor-widget elementor-widget-image\" data-id=\"fa0513e\" data-element_type=\"widget\" data-e-type=\"widget\" data-widget_type=\"image.default\">\n\t\t\t\t\t\t\t\t\t\t\t\t\t\t\t<img fetchpriority=\"high\" decoding=\"async\" width=\"254\" height=\"255\" src=\"https:\/\/moratomobilitat.com\/wp-content\/uploads\/2025\/12\/icon.svg\" class=\"attachment-full size-full wp-image-378\" alt=\"\" title=\"\">\t\t\t\t\t\t\t\t\t\t\t\t\t\t\t<\/div>\n\t\t\t\t<\/div>\n\t\t\t\t<div class=\"elementor-element elementor-element-da43f8d elementor-invisible elementor-widget elementor-widget-heading\" data-id=\"da43f8d\" data-element_type=\"widget\" data-e-type=\"widget\" data-settings=\"{&quot;_animation&quot;:&quot;fadeInUp&quot;,&quot;_animation_delay&quot;:200}\" data-widget_type=\"heading.default\">\n\t\t\t\t\t<h1 class=\"elementor-heading-title elementor-size-default\">Especialistes en mobilitat el\u00e8ctrica i solucions de mobilitat accessible<\/h1>\t\t\t\t<\/div>\n\t\t\t\t<div class=\"elementor-element elementor-element-75d0032 elementor-align-center elementor-invisible elementor-widget elementor-widget-button\" data-id=\"75d0032\" data-element_type=\"widget\" data-e-type=\"widget\" data-settings=\"{&quot;_animation&quot;:&quot;fadeInUp&quot;,&quot;_animation_delay&quot;:600}\" data-widget_type=\"button.default\">\n\t\t\t\t\t\t\t\t\t\t<a class=\"elementor-button elementor-button-link elementor-size-lg\" href=\"https:\/\/moratomobilitat.com\/en\/contacte\/\">\n\t\t\t\t\t\t<span class=\"elementor-button-content-wrapper\">\n\t\t\t\t\t\t\t\t\t<span class=\"elementor-button-text\">Assessorament personalitzat<\/span>\n\t\t\t\t\t<\/span>\n\t\t\t\t\t<\/a>\n\t\t\t\t\t\t\t\t<\/div>\n\t\t\t\t\t<\/div>\n\t\t\t\t<\/div>\n\t\t<div class=\"elementor-element elementor-element-02e10d7 e-flex e-con-boxed e-con e-parent\" data-id=\"02e10d7\" data-element_type=\"container\" data-e-type=\"container\" data-settings=\"{&quot;background_background&quot;:&quot;classic&quot;}\">\n\t\t\t\t\t<div class=\"e-con-inner\">\n\t\t<div class=\"elementor-element elementor-element-4ed192b e-con-full e-flex elementor-invisible e-con e-child\" data-id=\"4ed192b\" data-element_type=\"container\" data-e-type=\"container\" data-settings=\"{&quot;animation&quot;:&quot;fadeInLeft&quot;}\">\n\t\t\t\t<div class=\"elementor-element elementor-element-fbd8488 elementor-widget elementor-widget-heading\" data-id=\"fbd8488\" data-element_type=\"widget\" data-e-type=\"widget\" data-widget_type=\"heading.default\">\n\t\t\t\t\t<h2 class=\"elementor-heading-title elementor-size-default\">Especialistes en mobilitat el\u00e8ctrica pr\u00e0ctica i funcional<\/h2>\t\t\t\t<\/div>\n\t\t\t\t<div class=\"elementor-element elementor-element-748dd4f elementor-widget elementor-widget-text-editor\" data-id=\"748dd4f\" data-element_type=\"widget\" data-e-type=\"widget\" data-widget_type=\"text-editor.default\">\n\t\t\t\t\t\t\t\t\t<p data-start=\"477\" data-end=\"856\">A <strong data-start=\"479\" data-end=\"499\">Morato Mobilitat<\/strong> som <strong data-start=\"504\" data-end=\"544\">especialistes en mobilitat el\u00e8ctrica<\/strong>, compromesos amb oferir solucions eficients, segures i accessibles per millorar la qualitat de vida de les persones. Formem part d\u2019un projecte familiar amb una llarga traject\u00f2ria en sectors vinculats a la sostenibilitat, la innovaci\u00f3 i el servei de proximitat, traslladant aquests valors al m\u00f3n de la mobilitat.<\/p><p data-start=\"858\" data-end=\"1248\">La nostra missi\u00f3 \u00e9s facilitar despla\u00e7aments c\u00f2modes i independents mitjan\u00e7ant una selecci\u00f3 acurada de <strong data-start=\"960\" data-end=\"996\">productes de mobilitat el\u00e8ctrica<\/strong>, com ara scooters el\u00e8ctrics, solucions d\u2019accessibilitat i sistemes de suport adaptats a diferents necessitats. Apostem per una mobilitat pensada per a les persones, que respongui tant a l\u2019\u00fas quotidi\u00e0 com a situacions espec\u00edfiques de mobilitat redu\u00efda.<\/p>\t\t\t\t\t\t\t\t<\/div>\n\t\t\t\t<\/div>\n\t\t<div class=\"elementor-element elementor-element-c379f53 e-con-full e-flex e-con e-child\" data-id=\"c379f53\" data-element_type=\"container\" data-e-type=\"container\">\n\t\t\t\t<div class=\"elementor-element elementor-element-cc35c44 elementor-invisible elementor-widget elementor-widget-image\" data-id=\"cc35c44\" data-element_type=\"widget\" data-e-type=\"widget\" data-settings=\"{&quot;_animation&quot;:&quot;fadeInRight&quot;}\" data-widget_type=\"image.default\">\n\t\t\t\t\t\t\t\t\t\t\t\t\t\t\t<img decoding=\"async\" width=\"993\" height=\"740\" src=\"https:\/\/moratomobilitat.com\/wp-content\/uploads\/2025\/12\/Captura-de-pantalla-2026-01-23-065651-e1769170396959.png\" class=\"attachment-full size-full wp-image-580\" alt=\"Especialistes en mobilitat el\u00e8ctrica\" srcset=\"https:\/\/moratomobilitat.com\/wp-content\/uploads\/2025\/12\/Captura-de-pantalla-2026-01-23-065651-e1769170396959.png 993w, https:\/\/moratomobilitat.com\/wp-content\/uploads\/2025\/12\/Captura-de-pantalla-2026-01-23-065651-e1769170396959-300x224.png 300w, https:\/\/moratomobilitat.com\/wp-content\/uploads\/2025\/12\/Captura-de-pantalla-2026-01-23-065651-e1769170396959-768x572.png 768w, https:\/\/moratomobilitat.com\/wp-content\/uploads\/2025\/12\/Captura-de-pantalla-2026-01-23-065651-e1769170396959-600x447.png 600w\" sizes=\"(max-width: 993px) 100vw, 993px\" title=\"\">\t\t\t\t\t\t\t\t\t\t\t\t\t\t\t<\/div>\n\t\t\t\t<div class=\"elementor-element elementor-element-0fd67c0 elementor-absolute elementor-invisible elementor-widget elementor-widget-image\" data-id=\"0fd67c0\" data-element_type=\"widget\" data-e-type=\"widget\" data-settings=\"{&quot;_position&quot;:&quot;absolute&quot;,&quot;motion_fx_motion_fx_scrolling&quot;:&quot;yes&quot;,&quot;motion_fx_translateY_effect&quot;:&quot;yes&quot;,&quot;motion_fx_translateY_direction&quot;:&quot;negative&quot;,&quot;motion_fx_translateY_speed&quot;:{&quot;unit&quot;:&quot;px&quot;,&quot;size&quot;:5.7,&quot;sizes&quot;:[]},&quot;motion_fx_rotateZ_effect&quot;:&quot;yes&quot;,&quot;motion_fx_rotateZ_speed&quot;:{&quot;unit&quot;:&quot;px&quot;,&quot;size&quot;:3.3,&quot;sizes&quot;:[]},&quot;_animation&quot;:&quot;fadeInDown&quot;,&quot;motion_fx_translateY_affectedRange&quot;:{&quot;unit&quot;:&quot;%&quot;,&quot;size&quot;:&quot;&quot;,&quot;sizes&quot;:{&quot;start&quot;:0,&quot;end&quot;:100}},&quot;motion_fx_rotateZ_affectedRange&quot;:{&quot;unit&quot;:&quot;%&quot;,&quot;size&quot;:&quot;&quot;,&quot;sizes&quot;:{&quot;start&quot;:0,&quot;end&quot;:100}},&quot;motion_fx_devices&quot;:[&quot;desktop&quot;,&quot;tablet&quot;,&quot;mobile&quot;]}\" data-widget_type=\"image.default\">\n\t\t\t\t\t\t\t\t\t\t\t\t\t\t\t<img decoding=\"async\" width=\"254\" height=\"255\" src=\"https:\/\/moratomobilitat.com\/wp-content\/uploads\/2025\/12\/icon.svg\" class=\"attachment-large size-large wp-image-378\" alt=\"\" title=\"\">\t\t\t\t\t\t\t\t\t\t\t\t\t\t\t<\/div>\n\t\t\t\t<\/div>\n\t\t\t\t\t<\/div>\n\t\t\t\t<\/div>\n\t\t<div class=\"elementor-element elementor-element-960ca2b e-flex e-con-boxed e-con e-parent\" data-id=\"960ca2b\" data-element_type=\"container\" data-e-type=\"container\" data-settings=\"{&quot;background_background&quot;:&quot;classic&quot;}\">\n\t\t\t\t\t<div class=\"e-con-inner\">\n\t\t<div class=\"elementor-element elementor-element-6bb0a43 e-con-full e-flex elementor-invisible e-con e-child\" data-id=\"6bb0a43\" data-element_type=\"container\" data-e-type=\"container\" data-settings=\"{&quot;animation&quot;:&quot;fadeInLeft&quot;}\">\n\t\t\t\t<div class=\"elementor-element elementor-element-38d702f elementor-widget elementor-widget-heading\" data-id=\"38d702f\" data-element_type=\"widget\" data-e-type=\"widget\" data-widget_type=\"heading.default\">\n\t\t\t\t\t<h2 class=\"elementor-heading-title elementor-size-default\">Solucions de mobilitat el\u00e8ctrica adaptades a cada persona<\/h2>\t\t\t\t<\/div>\n\t\t\t\t<div class=\"elementor-element elementor-element-8e7b793 elementor-widget elementor-widget-text-editor\" data-id=\"8e7b793\" data-element_type=\"widget\" data-e-type=\"widget\" data-widget_type=\"text-editor.default\">\n\t\t\t\t\t\t\t\t\t<p data-start=\"1329\" data-end=\"1656\">Entenem que cada usuari t\u00e9 necessitats diferents. Per aix\u00f2, a Morato Mobilitat oferim <strong data-start=\"1415\" data-end=\"1467\">solucions de mobilitat el\u00e8ctrica personalitzades<\/strong>, amb productes fiables, funcionals i f\u00e0cils d\u2019utilitzar. El nostre objectiu \u00e9s garantir autonomia, confort i seguretat en cada despla\u00e7ament, tant en entorns urbans com en espais interiors.<\/p><p data-start=\"1658\" data-end=\"1828\">Treballem amb criteris de qualitat i durabilitat, seleccionant productes que compleixin els est\u00e0ndards m\u00e9s exigents del sector de la <strong data-start=\"1791\" data-end=\"1827\">mobilitat el\u00e8ctrica i accessible<\/strong>.<\/p>\t\t\t\t\t\t\t\t<\/div>\n\t\t\t\t<div class=\"elementor-element elementor-element-e23614a elementor-widget elementor-widget-image\" data-id=\"e23614a\" data-element_type=\"widget\" data-e-type=\"widget\" data-widget_type=\"image.default\">\n\t\t\t\t\t\t\t\t\t\t\t\t\t\t\t<img loading=\"lazy\" decoding=\"async\" width=\"800\" height=\"636\" src=\"https:\/\/moratomobilitat.com\/wp-content\/uploads\/2025\/12\/modeloM.jpg\" class=\"attachment-large size-large wp-image-442\" alt=\"\" srcset=\"https:\/\/moratomobilitat.com\/wp-content\/uploads\/2025\/12\/modeloM.jpg 800w, https:\/\/moratomobilitat.com\/wp-content\/uploads\/2025\/12\/modeloM-300x239.jpg 300w, https:\/\/moratomobilitat.com\/wp-content\/uploads\/2025\/12\/modeloM-768x611.jpg 768w, https:\/\/moratomobilitat.com\/wp-content\/uploads\/2025\/12\/modeloM-600x477.jpg 600w\" sizes=\"(max-width: 800px) 100vw, 800px\" title=\"\">\t\t\t\t\t\t\t\t\t\t\t\t\t\t\t<\/div>\n\t\t\t\t<\/div>\n\t\t<div class=\"elementor-element elementor-element-a358359 e-con-full e-flex e-con e-child\" data-id=\"a358359\" data-element_type=\"container\" data-e-type=\"container\">\n\t\t\t\t<div class=\"elementor-element elementor-element-d318f72 elementor-position-inline-start elementor-view-stacked elementor-tablet-position-block-start elementor-shape-circle elementor-mobile-position-block-start elementor-invisible elementor-widget elementor-widget-icon-box\" data-id=\"d318f72\" data-element_type=\"widget\" data-e-type=\"widget\" data-settings=\"{&quot;_animation&quot;:&quot;fadeInRight&quot;}\" data-widget_type=\"icon-box.default\">\n\t\t\t\t\t\t\t<div class=\"elementor-icon-box-wrapper\">\n\n\t\t\t\t\t\t<div class=\"elementor-icon-box-icon\">\n\t\t\t\t<span  class=\"elementor-icon\">\n\t\t\t\t<i aria-hidden=\"true\" class=\"lnr lnr-leaf\"><\/i>\t\t\t\t<\/span>\n\t\t\t<\/div>\n\t\t\t\n\t\t\t\t\t\t<div class=\"elementor-icon-box-content\">\n\n\t\t\t\t\t\t\t\t\t<div class=\"elementor-icon-box-title\">\n\t\t\t\t\t\t<span  >\n\t\t\t\t\t\t\tComprom\u00eds amb la mobilitat sostenible i accessible\t\t\t\t\t\t<\/span>\n\t\t\t\t\t<\/div>\n\t\t\t\t\n\t\t\t\t\t\t\t\t\t<p class=\"elementor-icon-box-description\">\n\t\t\t\t\t\tCom a especialistes en mobilitat el\u00e8ctrica, creiem fermament en un <b>model de mobilitat m\u00e9s sostenible, responsable i respectu\u00f3s amb el medi ambient<\/b>. Les solucions el\u00e8ctriques contribueixen a reduir emissions, soroll i impacte ambiental, alhora que milloren l\u2019accessibilitat i el benestar de les persones.\n\nLa nostra filosofia combina innovaci\u00f3, sostenibilitat i servei, amb l\u2019objectiu de construir un futur on la mobilitat sigui m\u00e9s eficient i inclusiva.\t\t\t\t\t<\/p>\n\t\t\t\t\n\t\t\t<\/div>\n\t\t\t\n\t\t<\/div>\n\t\t\t\t\t\t<\/div>\n\t\t\t\t<div class=\"elementor-element elementor-element-d1c2d74 elementor-position-inline-start elementor-view-stacked elementor-tablet-position-block-start elementor-shape-circle elementor-mobile-position-block-start elementor-invisible elementor-widget elementor-widget-icon-box\" data-id=\"d1c2d74\" data-element_type=\"widget\" data-e-type=\"widget\" data-settings=\"{&quot;_animation&quot;:&quot;fadeInRight&quot;}\" data-widget_type=\"icon-box.default\">\n\t\t\t\t\t\t\t<div class=\"elementor-icon-box-wrapper\">\n\n\t\t\t\t\t\t<div class=\"elementor-icon-box-icon\">\n\t\t\t\t<span  class=\"elementor-icon\">\n\t\t\t\t<svg aria-hidden=\"true\" class=\"e-font-icon-svg e-far-comments\" viewBox=\"0 0 576 512\" xmlns=\"http:\/\/www.w3.org\/2000\/svg\"><path d=\"M532 386.2c27.5-27.1 44-61.1 44-98.2 0-80-76.5-146.1-176.2-157.9C368.3 72.5 294.3 32 208 32 93.1 32 0 103.6 0 192c0 37 16.5 71 44 98.2-15.3 30.7-37.3 54.5-37.7 54.9-6.3 6.7-8.1 16.5-4.4 25 3.6 8.5 12 14 21.2 14 53.5 0 96.7-20.2 125.2-38.8 9.2 2.1 18.7 3.7 28.4 4.9C208.1 407.6 281.8 448 368 448c20.8 0 40.8-2.4 59.8-6.8C456.3 459.7 499.4 480 553 480c9.2 0 17.5-5.5 21.2-14 3.6-8.5 1.9-18.3-4.4-25-.4-.3-22.5-24.1-37.8-54.8zm-392.8-92.3L122.1 305c-14.1 9.1-28.5 16.3-43.1 21.4 2.7-4.7 5.4-9.7 8-14.8l15.5-31.1L77.7 256C64.2 242.6 48 220.7 48 192c0-60.7 73.3-112 160-112s160 51.3 160 112-73.3 112-160 112c-16.5 0-33-1.9-49-5.6l-19.8-4.5zM498.3 352l-24.7 24.4 15.5 31.1c2.6 5.1 5.3 10.1 8 14.8-14.6-5.1-29-12.3-43.1-21.4l-17.1-11.1-19.9 4.6c-16 3.7-32.5 5.6-49 5.6-54 0-102.2-20.1-131.3-49.7C338 339.5 416 272.9 416 192c0-3.4-.4-6.7-.7-10C479.7 196.5 528 238.8 528 288c0 28.7-16.2 50.6-29.7 64z\"><\/path><\/svg>\t\t\t\t<\/span>\n\t\t\t<\/div>\n\t\t\t\n\t\t\t\t\t\t<div class=\"elementor-icon-box-content\">\n\n\t\t\t\t\t\t\t\t\t<div class=\"elementor-icon-box-title\">\n\t\t\t\t\t\t<span  >\n\t\t\t\t\t\t\tUn servei proper, professional i de confian\u00e7a\t\t\t\t\t\t<\/span>\n\t\t\t\t\t<\/div>\n\t\t\t\t\n\t\t\t\t\t\t\t\t\t<p class=\"elementor-icon-box-description\">\n\t\t\t\t\t\tA Morato Mobilitat <b>acompanyem els nostres clients en tot el proc\u00e9s, des de l\u2019assessorament inicial fins al servei postvenda<\/b>. Ens caracteritza un tracte proper i personalitzat, basat en la confian\u00e7a i l\u2019experi\u00e8ncia, perqu\u00e8 entenem que la mobilitat \u00e9s una part essencial del dia a dia.<br>No nom\u00e9s venem productes: oferim solucions reals de mobilitat el\u00e8ctrica, pensades per facilitar la vida de les persones.\t\t\t\t\t<\/p>\n\t\t\t\t\n\t\t\t<\/div>\n\t\t\t\n\t\t<\/div>\n\t\t\t\t\t\t<\/div>\n\t\t\t\t<\/div>\n\t\t\t\t\t<\/div>\n\t\t\t\t<\/div>\n\t\t<div class=\"elementor-element elementor-element-03bdfa9 e-flex e-con-boxed e-con e-parent\" data-id=\"03bdfa9\" data-element_type=\"container\" data-e-type=\"container\" data-settings=\"{&quot;background_background&quot;:&quot;classic&quot;}\">\n\t\t\t\t\t<div class=\"e-con-inner\">\n\t\t\t\t<div class=\"elementor-element elementor-element-a86d952 elementor-widget elementor-widget-heading\" data-id=\"a86d952\" data-element_type=\"widget\" data-e-type=\"widget\" data-widget_type=\"heading.default\">\n\t\t\t\t\t<h2 class=\"elementor-heading-title elementor-size-default\">Encara no saps quin triar?<\/h2>\t\t\t\t<\/div>\n\t\t\t\t<div class=\"elementor-element elementor-element-76201db elementor-widget elementor-widget-text-editor\" data-id=\"76201db\" data-element_type=\"widget\" data-e-type=\"widget\" data-widget_type=\"text-editor.default\">\n\t\t\t\t\t\t\t\t\t<p>No et preocupis. Els nostres especialistes poden ajudar a recomanar-te el model exacte que necessites. <strong>Sense comprom\u00eds i totalment gratu\u00eft.<\/strong><\/p>\t\t\t\t\t\t\t\t<\/div>\n\t\t\t\t<div class=\"elementor-element elementor-element-ad7aeae elementor-align-center elementor-widget elementor-widget-button\" data-id=\"ad7aeae\" data-element_type=\"widget\" data-e-type=\"widget\" data-widget_type=\"button.default\">\n\t\t\t\t\t\t\t\t\t\t<a class=\"elementor-button elementor-button-link elementor-size-lg\" href=\"https:\/\/moratomobilitat.com\/en\/contacte\/\">\n\t\t\t\t\t\t<span class=\"elementor-button-content-wrapper\">\n\t\t\t\t\t\t<span class=\"elementor-button-icon\">\n\t\t\t\t<i aria-hidden=\"true\" class=\" arrow_right\"><\/i>\t\t\t<\/span>\n\t\t\t\t\t\t\t\t\t<span class=\"elementor-button-text\">Parlar amb un expert<\/span>\n\t\t\t\t\t<\/span>\n\t\t\t\t\t<\/a>\n\t\t\t\t\t\t\t\t<\/div>\n\t\t\t\t<div class=\"elementor-element elementor-element-6d52bcd elementor-absolute elementor-invisible elementor-widget elementor-widget-image\" data-id=\"6d52bcd\" data-element_type=\"widget\" data-e-type=\"widget\" data-settings=\"{&quot;_position&quot;:&quot;absolute&quot;,&quot;motion_fx_motion_fx_scrolling&quot;:&quot;yes&quot;,&quot;motion_fx_translateY_effect&quot;:&quot;yes&quot;,&quot;motion_fx_translateY_direction&quot;:&quot;negative&quot;,&quot;motion_fx_translateY_speed&quot;:{&quot;unit&quot;:&quot;px&quot;,&quot;size&quot;:5.7,&quot;sizes&quot;:[]},&quot;motion_fx_rotateZ_effect&quot;:&quot;yes&quot;,&quot;motion_fx_rotateZ_speed&quot;:{&quot;unit&quot;:&quot;px&quot;,&quot;size&quot;:3.3,&quot;sizes&quot;:[]},&quot;_animation&quot;:&quot;fadeInDown&quot;,&quot;motion_fx_translateY_affectedRange&quot;:{&quot;unit&quot;:&quot;%&quot;,&quot;size&quot;:&quot;&quot;,&quot;sizes&quot;:{&quot;start&quot;:0,&quot;end&quot;:100}},&quot;motion_fx_rotateZ_affectedRange&quot;:{&quot;unit&quot;:&quot;%&quot;,&quot;size&quot;:&quot;&quot;,&quot;sizes&quot;:{&quot;start&quot;:0,&quot;end&quot;:100}},&quot;motion_fx_devices&quot;:[&quot;desktop&quot;,&quot;tablet&quot;,&quot;mobile&quot;]}\" data-widget_type=\"image.default\">\n\t\t\t\t\t\t\t\t\t\t\t\t\t\t\t<img decoding=\"async\" width=\"254\" height=\"255\" src=\"https:\/\/moratomobilitat.com\/wp-content\/uploads\/2025\/12\/icon.svg\" class=\"attachment-large size-large wp-image-378\" alt=\"\" title=\"\">\t\t\t\t\t\t\t\t\t\t\t\t\t\t\t<\/div>\n\t\t\t\t\t<\/div>\n\t\t\t\t<\/div>\n\t\t<div class=\"elementor-element elementor-element-eb462d6 e-flex e-con-boxed e-con e-parent\" data-id=\"eb462d6\" data-element_type=\"container\" data-e-type=\"container\" data-settings=\"{&quot;background_background&quot;:&quot;classic&quot;}\">\n\t\t\t\t\t<div class=\"e-con-inner\">\n\t\t<div class=\"elementor-element elementor-element-928ea7c e-con-full e-flex e-con e-child\" data-id=\"928ea7c\" data-element_type=\"container\" data-e-type=\"container\">\n\t\t\t\t<div class=\"elementor-element elementor-element-dc51834 elementor-testimonial--skin-default elementor-testimonial--layout-image_inline elementor-testimonial--align-center elementor-invisible elementor-widget elementor-widget-testimonial-carousel\" data-id=\"dc51834\" data-element_type=\"widget\" data-e-type=\"widget\" data-settings=\"{&quot;slides_per_view&quot;:&quot;3&quot;,&quot;slides_per_view_tablet&quot;:&quot;2&quot;,&quot;slides_to_scroll&quot;:&quot;1&quot;,&quot;slides_to_scroll_tablet&quot;:&quot;1&quot;,&quot;space_between&quot;:{&quot;unit&quot;:&quot;px&quot;,&quot;size&quot;:28,&quot;sizes&quot;:[]},&quot;_animation&quot;:&quot;fadeIn&quot;,&quot;_animation_delay&quot;:200,&quot;speed&quot;:500,&quot;autoplay&quot;:&quot;yes&quot;,&quot;autoplay_speed&quot;:5000,&quot;loop&quot;:&quot;yes&quot;,&quot;pause_on_hover&quot;:&quot;yes&quot;,&quot;pause_on_interaction&quot;:&quot;yes&quot;,&quot;space_between_tablet&quot;:{&quot;unit&quot;:&quot;px&quot;,&quot;size&quot;:10,&quot;sizes&quot;:[]},&quot;space_between_mobile&quot;:{&quot;unit&quot;:&quot;px&quot;,&quot;size&quot;:10,&quot;sizes&quot;:[]}}\" data-widget_type=\"testimonial-carousel.default\">\n\t\t\t\t\t\t\t\t\t\t<div class=\"elementor-main-swiper swiper\" role=\"region\" aria-roledescription=\"carousel\" aria-label=\"Diapositives\">\n\t\t\t\t<div class=\"swiper-wrapper\">\n\t\t\t\t\t\t\t\t\t\t\t<div class=\"swiper-slide\" role=\"group\" aria-roledescription=\"slide\">\n\t\t\t\t\t\t\t\t\t<div class=\"elementor-testimonial\">\n\t\t\t\t\t\t\t<div class=\"elementor-testimonial__content\">\n\t\t\t\t\t<div class=\"elementor-testimonial__text\">\n\t\t\t\t\t\tEm vaig comprar el meu primer scooter el\u00e8ctric i l\u2019experi\u00e8ncia amb Morato Mobilitat va ser immillorable. Em van assessorar molt b\u00e9 des del primer moment i la qualitat del producte supera les expectatives.\t\t\t\t\t<\/div>\n\t\t\t\t\t\t\t\t\t<\/div>\n\t\t\t\t\t\t<div class=\"elementor-testimonial__footer\">\n\t\t\t\t\t\t\t\t<cite class=\"elementor-testimonial__cite\"><span class=\"elementor-testimonial__name\">\u2b50\u2b50\u2b50\u2b50\u2b50<\/span><\/cite>\t\t\t<\/div>\n\t\t<\/div>\n\t\t\t\t\t\t\t\t<\/div>\n\t\t\t\t\t\t\t\t\t\t\t<div class=\"swiper-slide\" role=\"group\" aria-roledescription=\"slide\">\n\t\t\t\t\t\t\t\t\t<div class=\"elementor-testimonial\">\n\t\t\t\t\t\t\t<div class=\"elementor-testimonial__content\">\n\t\t\t\t\t<div class=\"elementor-testimonial__text\">\n\t\t\t\t\t\tGran qualitat i encara millor atenci\u00f3. A Morato Mobilitat es nota que entenen de mobilitat el\u00e8ctrica i que es preocupen pel client. Tot el proc\u00e9s va ser f\u00e0cil i r\u00e0pid.\t\t\t\t\t<\/div>\n\t\t\t\t\t\t\t\t\t<\/div>\n\t\t\t\t\t\t<div class=\"elementor-testimonial__footer\">\n\t\t\t\t\t\t\t\t<cite class=\"elementor-testimonial__cite\"><span class=\"elementor-testimonial__name\">\u2b50\u2b50\u2b50\u2b50\u2b50<\/span><\/cite>\t\t\t<\/div>\n\t\t<\/div>\n\t\t\t\t\t\t\t\t<\/div>\n\t\t\t\t\t\t\t\t\t\t\t<div class=\"swiper-slide\" role=\"group\" aria-roledescription=\"slide\">\n\t\t\t\t\t\t\t\t\t<div class=\"elementor-testimonial\">\n\t\t\t\t\t\t\t<div class=\"elementor-testimonial__content\">\n\t\t\t\t\t<div class=\"elementor-testimonial__text\">\n\t\t\t\t\t\tBuscava una soluci\u00f3 de mobilitat c\u00f2moda i fiable, i a Morato Mobilitat em van ajudar a trobar exactament el que necessitava. Tracte excel\u00b7lent i molta professionalitat.\t\t\t\t\t<\/div>\n\t\t\t\t\t\t\t\t\t<\/div>\n\t\t\t\t\t\t<div class=\"elementor-testimonial__footer\">\n\t\t\t\t\t\t\t\t<cite class=\"elementor-testimonial__cite\"><span class=\"elementor-testimonial__name\">\u2b50\u2b50\u2b50\u2b50\u2b50<\/span><\/cite>\t\t\t<\/div>\n\t\t<\/div>\n\t\t\t\t\t\t\t\t<\/div>\n\t\t\t\t\t\t\t\t\t\t\t<div class=\"swiper-slide\" role=\"group\" aria-roledescription=\"slide\">\n\t\t\t\t\t\t\t\t\t<div class=\"elementor-testimonial\">\n\t\t\t\t\t\t\t<div class=\"elementor-testimonial__content\">\n\t\t\t\t\t<div class=\"elementor-testimonial__text\">\n\t\t\t\t\t\tMolt content amb la compra. \u00c9s el meu primer scooter i el servei rebut ha estat impecable: assessorament clar, confian\u00e7a i qualitat. Sens dubte, una empresa molt recomanable.\t\t\t\t\t<\/div>\n\t\t\t\t\t\t\t\t\t<\/div>\n\t\t\t\t\t\t<div class=\"elementor-testimonial__footer\">\n\t\t\t\t\t\t\t\t<cite class=\"elementor-testimonial__cite\"><span class=\"elementor-testimonial__name\">\u2b50\u2b50\u2b50\u2b50\u2b50<\/span><\/cite>\t\t\t<\/div>\n\t\t<\/div>\n\t\t\t\t\t\t\t\t<\/div>\n\t\t\t\t\t\t\t\t\t<\/div>\n\t\t\t\t\t\t\t\t\t\t\t\t\t\t\t\t\t\t\t\t\t<\/div>\n\t\t\t\t\t\t\t\t<\/div>\n\t\t\t\t<\/div>\n\t\t\t\t\t<\/div>\n\t\t\t\t<\/div>\n\t\t\t\t<\/div>\n\t\t","protected":false},"excerpt":{"rendered":"<p>Especialistes en mobilitat el\u00e8ctrica i solucions de mobilitat accessible Assessorament personalitzat Especialistes en mobilitat el\u00e8ctrica pr\u00e0ctica i funcional A Morato Mobilitat som especialistes en mobilitat el\u00e8ctrica, compromesos amb oferir solucions eficients, segures i accessibles per millorar la qualitat de vida de les persones. Formem part d\u2019un projecte familiar amb una llarga traject\u00f2ria en sectors vinculats [&hellip;]<\/p>\n","protected":false},"author":1,"featured_media":0,"parent":0,"menu_order":0,"comment_status":"closed","ping_status":"closed","template":"","meta":{"footnotes":""},"class_list":["post-681","page","type-page","status-publish","hentry"],"_links":{"self":[{"href":"https:\/\/moratomobilitat.com\/en\/wp-json\/wp\/v2\/pages\/681","targetHints":{"allow":["GET"]}}],"collection":[{"href":"https:\/\/moratomobilitat.com\/en\/wp-json\/wp\/v2\/pages"}],"about":[{"href":"https:\/\/moratomobilitat.com\/en\/wp-json\/wp\/v2\/types\/page"}],"author":[{"embeddable":true,"href":"https:\/\/moratomobilitat.com\/en\/wp-json\/wp\/v2\/users\/1"}],"replies":[{"embeddable":true,"href":"https:\/\/moratomobilitat.com\/en\/wp-json\/wp\/v2\/comments?post=681"}],"version-history":[{"count":16,"href":"https:\/\/moratomobilitat.com\/en\/wp-json\/wp\/v2\/pages\/681\/revisions"}],"predecessor-version":[{"id":885,"href":"https:\/\/moratomobilitat.com\/en\/wp-json\/wp\/v2\/pages\/681\/revisions\/885"}],"wp:attachment":[{"href":"https:\/\/moratomobilitat.com\/en\/wp-json\/wp\/v2\/media?parent=681"}],"curies":[{"name":"wp","href":"https:\/\/api.w.org\/{rel}","templated":true}]}}